{"id":1118,"date":"2023-10-10T20:02:55","date_gmt":"2023-10-10T20:02:55","guid":{"rendered":"https:\/\/microcreds.ca\/?page_id=1118"},"modified":"2023-10-10T20:04:58","modified_gmt":"2023-10-10T20:04:58","slug":"privacy-policy-2","status":"publish","type":"page","link":"https:\/\/microcreds.ca\/fr\/privacy-policy-2\/","title":{"rendered":"politique de confidentialit\u00e9"},"content":{"rendered":"<div data-elementor-type=\"wp-page\" data-elementor-id=\"1118\" class=\"elementor elementor-1118\" data-elementor-post-type=\"page\">\n\t\t\t\t\t\t\t\t\t<section class=\"elementor-section elementor-top-section elementor-element elementor-element-14e703c8 elementor-section-boxed elementor-section-height-default elementor-section-height-default\" data-id=\"14e703c8\" data-element_type=\"section\" data-settings=\"{&quot;_ha_eqh_enable&quot;:false}\">\n\t\t\t\t\t\t<div class=\"elementor-container elementor-column-gap-default\">\n\t\t\t\t\t<div class=\"elementor-column elementor-col-100 elementor-top-column elementor-element elementor-element-173e644d\" data-id=\"173e644d\" data-element_type=\"column\">\n\t\t\t<div class=\"elementor-widget-wrap elementor-element-populated\">\n\t\t\t\t\t\t\t\t<div class=\"elementor-element elementor-element-f719950 elementor-widget elementor-widget-heading\" data-id=\"f719950\" data-element_type=\"widget\" data-widget_type=\"heading.default\">\n\t\t\t\t<div class=\"elementor-widget-container\">\n\t\t\t<style>\/*! elementor - v3.14.0 - 26-06-2023 *\/\n.elementor-heading-title{padding:0;margin:0;line-height:1}.elementor-widget-heading .elementor-heading-title[class*=elementor-size-]>a{color:inherit;font-size:inherit;line-height:inherit}.elementor-widget-heading .elementor-heading-title.elementor-size-small{font-size:15px}.elementor-widget-heading .elementor-heading-title.elementor-size-medium{font-size:19px}.elementor-widget-heading .elementor-heading-title.elementor-size-large{font-size:29px}.elementor-widget-heading .elementor-heading-title.elementor-size-xl{font-size:39px}.elementor-widget-heading .elementor-heading-title.elementor-size-xxl{font-size:59px}<\/style><h2 class=\"elementor-heading-title elementor-size-default\">politique de confidentialit\u00e9<\/h2>\t\t<\/div>\n\t\t\t\t<\/div>\n\t\t\t\t<div class=\"elementor-element elementor-element-baa67ae elementor-widget elementor-widget-heading\" data-id=\"baa67ae\" data-element_type=\"widget\" data-widget_type=\"heading.default\">\n\t\t\t\t<div class=\"elementor-widget-container\">\n\t\t\t<h2 class=\"elementor-heading-title elementor-size-default\">Conseil canadien des microcr\u00e9dits<\/h2>\t\t<\/div>\n\t\t\t\t<\/div>\n\t\t\t\t<div class=\"elementor-element elementor-element-c5344ff elementor-widget elementor-widget-text-editor\" data-id=\"c5344ff\" data-element_type=\"widget\" data-widget_type=\"text-editor.default\">\n\t\t\t\t<div class=\"elementor-widget-container\">\n\t\t\t<style>\/*! elementor - v3.14.0 - 26-06-2023 *\/\n.elementor-widget-text-editor.elementor-drop-cap-view-stacked .elementor-drop-cap{background-color:#69727d;color:#fff}.elementor-widget-text-editor.elementor-drop-cap-view-framed .elementor-drop-cap{color:#69727d;border:3px solid;background-color:transparent}.elementor-widget-text-editor:not(.elementor-drop-cap-view-default) .elementor-drop-cap{margin-top:8px}.elementor-widget-text-editor:not(.elementor-drop-cap-view-default) .elementor-drop-cap-letter{width:1em;height:1em}.elementor-widget-text-editor .elementor-drop-cap{float:left;text-align:center;line-height:1;font-size:50px}.elementor-widget-text-editor .elementor-drop-cap-letter{display:inline-block}<\/style>\t\t\t\t<h2>Qui nous sommes<\/h2>\n<p>\u00a0<\/p>\n<p>Merci d&#039;avoir choisi de faire partie de notre communaut\u00e9 au Micro-Credential Council of Canada. Nous nous engageons \u00e0 prot\u00e9ger vos informations personnelles et votre droit \u00e0 la vie priv\u00e9e. Cette politique de confidentialit\u00e9 d\u00e9crit nos politiques et pratiques concernant vos informations et la mani\u00e8re dont nous les traiterons.<\/p>\n<p>\u00a0<\/p>\n<h2>Informations que nous collectons<\/h2>\n<p>\u00a0<\/p>\n<ul>\n<li>\n<p><strong>Informations personnelles<\/strong>: Lors de vos interactions avec notre site Web, vous pouvez nous fournir des informations personnelles telles que votre nom, votre adresse e-mail, votre adresse postale, votre num\u00e9ro de t\u00e9l\u00e9phone, vos dossiers acad\u00e9miques, etc.<\/p>\n<\/li>\n<li>\n<p><strong>Informations techniques<\/strong>: Comme de nombreux sites Web, nous pouvons collecter des donn\u00e9es de journal, qui incluent votre adresse IP, votre type de navigateur, les pages que vous avez visit\u00e9es, le temps pass\u00e9 et d&#039;autres donn\u00e9es similaires.<\/p>\n<\/li>\n<li>\n<p><strong>Biscuits<\/strong>: Nous utilisons des cookies pour am\u00e9liorer votre exp\u00e9rience en ligne, m\u00e9moriser les informations de connexion, etc.<\/p>\n<\/li>\n<\/ul>\n<p>\u00a0<\/p>\n<h2><strong>Comment nous utilisons vos informations<\/strong><\/h2>\n<p>\u00a0<\/p>\n<p>Nous utilisons vos informations personnelles pour\u00a0:<\/p>\n<ul>\n<li>Traitez votre inscription et vos activit\u00e9s acad\u00e9miques.<\/li>\n<li>Vous envoyer des mises \u00e0 jour et des communications li\u00e9es \u00e0 vos cours.<\/li>\n<li>Am\u00e9liorer la fonctionnalit\u00e9 de notre site Web.<\/li>\n<li>R\u00e9pondez \u00e0 vos demandes ou demandes de renseignements.<\/li>\n<li>Respectez toutes les obligations l\u00e9gales.<\/li>\n<\/ul>\n<p>\u00a0<\/p>\n<h2><strong>Partage et divulgation de donn\u00e9es<\/strong><\/h2>\n<p>\u00a0<\/p>\n<p>Vos donn\u00e9es sont confidentielles. Nous ne le partagerons pas avec des tiers sauf\u00a0:<\/p>\n<ul>\n<li>Lorsque la loi l&#039;exige.<\/li>\n<li>Pour prot\u00e9ger nos droits et nos biens.<\/li>\n<li>Avec des prestataires de services agissant en notre nom (en s\u2019assurant qu\u2019ils offrent le m\u00eame niveau de protection de la vie priv\u00e9e).<\/li>\n<\/ul>\n<p>\u00a0<\/p>\n<p>\u00a0<\/p>\n<h2><strong>La conservation des donn\u00e9es<\/strong><\/h2>\n<p>\u00a0<\/p>\n<p>Nous conserverons vos informations personnelles uniquement aussi longtemps que n\u00e9cessaire pour atteindre les objectifs pour lesquels elles ont \u00e9t\u00e9 collect\u00e9es ou comme l&#039;exige la loi.<\/p>\n<p>\u00a0<\/p>\n<p>\u00a0<\/p>\n<h2><strong>Tes droits<\/strong><\/h2>\n<p>Vous avez le droit de :<\/p>\n<ul>\n<li>Acc\u00e9dez aux informations personnelles que nous d\u00e9tenons sur vous.<\/li>\n<li>Corrigez toute inexactitude.<\/li>\n<li>Retirer le consentement.<\/li>\n<li>Demander la suppression des donn\u00e9es.<\/li>\n<\/ul>\n<p>\u00a0<\/p>\n<p>\u00a0<\/p>\n<h2><strong>S\u00e9curit\u00e9<\/strong><\/h2>\n<p>Nous utilisons diverses mesures de s\u00e9curit\u00e9 pour prot\u00e9ger vos donn\u00e9es, notamment SSL, des pare-feu et le cryptage.<\/p>\n<h2><strong>Liens tiers<\/strong><\/h2>\n<p>Notre site Web peut contenir des liens vers d&#039;autres sites Web. Cette politique ne s&#039;applique pas \u00e0 ces sites, nous vous recommandons donc de consulter leurs politiques de confidentialit\u00e9.<\/p>\n<h2><strong>Modifications de cette politique<\/strong><\/h2>\n<p>Nous pouvons occasionnellement mettre \u00e0 jour notre politique de confidentialit\u00e9. Nous vous informerons de tout changement en publiant la nouvelle politique sur cette page.<\/p>\n<h2><strong>Contactez-nous<\/strong><\/h2>\n<p>Pour toute question ou pr\u00e9occupation, contactez :<\/p>\n<p><span \n                data-original-string=\"Nxu4GG7vabQYLCUAbcfPgw==e4asIJfME0pDOwoR5sIgkQTIxTehCp1qgQN+V67ClZwnHg=\"\n                class=\"apbct-email-encoder\"\n                title=\"Ce contact a \u00e9t\u00e9 crypt\u00e9 par l&#039;Anti-Spam de CleanTalk. Cliquez pour le d\u00e9coder. Pour terminer le d\u00e9codage, assurez-vous que JavaScript est activ\u00e9 dans votre navigateur.\">dans<span class=\"apbct-blur\">**@mi********.<\/span>Californie<\/span><\/p>\t\t\t\t\t\t<\/div>\n\t\t\t\t<\/div>\n\t\t\t\t\t<\/div>\n\t\t<\/div>\n\t\t\t\t\t\t\t<\/div>\n\t\t<\/section>\n\t\t\t\t\t\t\t<\/div>","protected":false},"excerpt":{"rendered":"<p>Politique de confidentialit\u00e9 Conseil des micro-certificats du Canada Qui nous sommes Merci d&#039;avoir choisi de faire partie de notre communaut\u00e9 au Conseil des micro-certificats du Canada. Nous nous engageons \u00e0 prot\u00e9ger vos informations personnelles et votre droit \u00e0 la vie priv\u00e9e. Cette politique de confidentialit\u00e9 d\u00e9crit nos politiques et pratiques concernant vos informations et la mani\u00e8re dont nous traiterons [\u2026]<\/p>","protected":false},"author":2,"featured_media":0,"parent":0,"menu_order":0,"comment_status":"closed","ping_status":"closed","template":"","meta":[],"_links":{"self":[{"href":"https:\/\/microcreds.ca\/fr\/wp-json\/wp\/v2\/pages\/1118"}],"collection":[{"href":"https:\/\/microcreds.ca\/fr\/wp-json\/wp\/v2\/pages"}],"about":[{"href":"https:\/\/microcreds.ca\/fr\/wp-json\/wp\/v2\/types\/page"}],"author":[{"embeddable":true,"href":"https:\/\/microcreds.ca\/fr\/wp-json\/wp\/v2\/users\/2"}],"replies":[{"embeddable":true,"href":"https:\/\/microcreds.ca\/fr\/wp-json\/wp\/v2\/comments?post=1118"}],"version-history":[{"count":3,"href":"https:\/\/microcreds.ca\/fr\/wp-json\/wp\/v2\/pages\/1118\/revisions"}],"predecessor-version":[{"id":1121,"href":"https:\/\/microcreds.ca\/fr\/wp-json\/wp\/v2\/pages\/1118\/revisions\/1121"}],"wp:attachment":[{"href":"https:\/\/microcreds.ca\/fr\/wp-json\/wp\/v2\/media?parent=1118"}],"curies":[{"name":"wp","href":"https:\/\/api.w.org\/{rel}","templated":true}]}}