{"id":663,"date":"2023-07-19T23:23:32","date_gmt":"2023-07-19T23:23:32","guid":{"rendered":"http:\/\/99.79.111.179\/?page_id=663"},"modified":"2023-07-28T13:56:25","modified_gmt":"2023-07-28T13:56:25","slug":"member-services","status":"publish","type":"page","link":"https:\/\/microcreds.ca\/fr\/member-services\/","title":{"rendered":"Services aux membres"},"content":{"rendered":"<div data-elementor-type=\"wp-page\" data-elementor-id=\"663\" class=\"elementor elementor-663\" data-elementor-post-type=\"page\">\n\t\t\t\t\t\t\t\t\t<section class=\"elementor-section elementor-top-section elementor-element elementor-element-dca571e elementor-section-content-middle elementor-section-full_width elementor-section-height-default elementor-section-height-default\" data-id=\"dca571e\" data-element_type=\"section\" data-settings=\"{&quot;_ha_eqh_enable&quot;:false}\">\n\t\t\t\t\t\t<div class=\"elementor-container elementor-column-gap-no\">\n\t\t\t\t\t<div class=\"elementor-column elementor-col-100 elementor-top-column elementor-element elementor-element-b0ad03c\" data-id=\"b0ad03c\" data-element_type=\"column\">\n\t\t\t<div class=\"elementor-widget-wrap elementor-element-populated\">\n\t\t\t\t\t\t\t\t<div class=\"elementor-element elementor-element-e1ab951 elementor-widget elementor-widget-heading\" data-id=\"e1ab951\" data-element_type=\"widget\" data-widget_type=\"heading.default\">\n\t\t\t\t<div class=\"elementor-widget-container\">\n\t\t\t<style>\/*! elementor - v3.14.0 - 26-06-2023 *\/\n.elementor-heading-title{padding:0;margin:0;line-height:1}.elementor-widget-heading .elementor-heading-title[class*=elementor-size-]>a{color:inherit;font-size:inherit;line-height:inherit}.elementor-widget-heading .elementor-heading-title.elementor-size-small{font-size:15px}.elementor-widget-heading .elementor-heading-title.elementor-size-medium{font-size:19px}.elementor-widget-heading .elementor-heading-title.elementor-size-large{font-size:29px}.elementor-widget-heading .elementor-heading-title.elementor-size-xl{font-size:39px}.elementor-widget-heading .elementor-heading-title.elementor-size-xxl{font-size:59px}<\/style><h4 class=\"elementor-heading-title elementor-size-default\">Services aux membres<\/h4>\t\t<\/div>\n\t\t\t\t<\/div>\n\t\t\t\t<div class=\"elementor-element elementor-element-5c8765c elementor-widget elementor-widget-text-editor\" data-id=\"5c8765c\" data-element_type=\"widget\" data-widget_type=\"text-editor.default\">\n\t\t\t\t<div class=\"elementor-widget-container\">\n\t\t\t<style>\/*! elementor - v3.14.0 - 26-06-2023 *\/\n.elementor-widget-text-editor.elementor-drop-cap-view-stacked .elementor-drop-cap{background-color:#69727d;color:#fff}.elementor-widget-text-editor.elementor-drop-cap-view-framed .elementor-drop-cap{color:#69727d;border:3px solid;background-color:transparent}.elementor-widget-text-editor:not(.elementor-drop-cap-view-default) .elementor-drop-cap{margin-top:8px}.elementor-widget-text-editor:not(.elementor-drop-cap-view-default) .elementor-drop-cap-letter{width:1em;height:1em}.elementor-widget-text-editor .elementor-drop-cap{float:left;text-align:center;line-height:1;font-size:50px}.elementor-widget-text-editor .elementor-drop-cap-letter{display:inline-block}<\/style>\t\t\t\t<p>Collaborer pour renforcer les programmes de micro-certifications et \u00e9largir les opportunit\u00e9s pour les \u00e9tablissements membres au Canada<\/p>\t\t\t\t\t\t<\/div>\n\t\t\t\t<\/div>\n\t\t\t\t\t<\/div>\n\t\t<\/div>\n\t\t\t\t\t\t\t<\/div>\n\t\t<\/section>\n\t\t\t\t<section class=\"elementor-section elementor-top-section elementor-element elementor-element-14a795c elementor-section-boxed elementor-section-height-default elementor-section-height-default\" data-id=\"14a795c\" data-element_type=\"section\" data-settings=\"{&quot;background_background&quot;:&quot;classic&quot;,&quot;_ha_eqh_enable&quot;:false}\">\n\t\t\t\t\t\t<div class=\"elementor-container elementor-column-gap-wider\">\n\t\t\t\t\t<div class=\"elementor-column elementor-col-33 elementor-top-column elementor-element elementor-element-44aac22\" data-id=\"44aac22\" data-element_type=\"column\">\n\t\t\t<div class=\"elementor-widget-wrap elementor-element-populated\">\n\t\t\t\t\t\t\t\t<div class=\"elementor-element elementor-element-d7533aa elementor-widget elementor-widget-template\" data-id=\"d7533aa\" data-element_type=\"widget\" data-widget_type=\"template.default\">\n\t\t\t\t<div class=\"elementor-widget-container\">\n\t\t\t\t\t<div class=\"elementor-template\">\n\t\t\t\t\t<div data-elementor-type=\"section\" data-elementor-id=\"636\" class=\"elementor elementor-636\" data-elementor-post-type=\"elementor_library\">\n\t\t\t\t\t\t\t\t<section class=\"elementor-section elementor-inner-section elementor-element elementor-element-5be45aee elementor-section-boxed elementor-section-height-default elementor-section-height-default\" data-id=\"5be45aee\" data-element_type=\"section\" data-settings=\"{&quot;_ha_eqh_enable&quot;:false}\">\n\t\t\t\t\t\t<div class=\"elementor-container elementor-column-gap-default\">\n\t\t\t\t\t<div class=\"elementor-column elementor-col-100 elementor-inner-column elementor-element elementor-element-8d810f9\" data-id=\"8d810f9\" data-element_type=\"column\">\n\t\t\t<div class=\"elementor-widget-wrap elementor-element-populated\">\n\t\t\t\t\t\t\t\t<div class=\"elementor-element elementor-element-158d84e9 elementor-widget elementor-widget-heading\" data-id=\"158d84e9\" data-element_type=\"widget\" data-widget_type=\"heading.default\">\n\t\t\t\t<div class=\"elementor-widget-container\">\n\t\t\t<h2 class=\"elementor-heading-title elementor-size-default\">MICRO-R\u00c9F\u00c9RENCES<\/h2>\t\t<\/div>\n\t\t\t\t<\/div>\n\t\t\t\t<div class=\"elementor-element elementor-element-4f1be6b2 elementor-widget-divider--view-line elementor-widget elementor-widget-divider\" data-id=\"4f1be6b2\" data-element_type=\"widget\" data-widget_type=\"divider.default\">\n\t\t\t\t<div class=\"elementor-widget-container\">\n\t\t\t<style>\/*! elementor - v3.14.0 - 26-06-2023 *\/\n.elementor-widget-divider{--divider-border-style:none;--divider-border-width:1px;--divider-color:#0c0d0e;--divider-icon-size:20px;--divider-element-spacing:10px;--divider-pattern-height:24px;--divider-pattern-size:20px;--divider-pattern-url:none;--divider-pattern-repeat:repeat-x}.elementor-widget-divider .elementor-divider{display:flex}.elementor-widget-divider .elementor-divider__text{font-size:15px;line-height:1;max-width:95%}.elementor-widget-divider .elementor-divider__element{margin:0 var(--divider-element-spacing);flex-shrink:0}.elementor-widget-divider .elementor-icon{font-size:var(--divider-icon-size)}.elementor-widget-divider .elementor-divider-separator{display:flex;margin:0;direction:ltr}.elementor-widget-divider--view-line_icon .elementor-divider-separator,.elementor-widget-divider--view-line_text .elementor-divider-separator{align-items:center}.elementor-widget-divider--view-line_icon .elementor-divider-separator:after,.elementor-widget-divider--view-line_icon .elementor-divider-separator:before,.elementor-widget-divider--view-line_text .elementor-divider-separator:after,.elementor-widget-divider--view-line_text .elementor-divider-separator:before{display:block;content:\"\";border-bottom:0;flex-grow:1;border-top:var(--divider-border-width) var(--divider-border-style) var(--divider-color)}.elementor-widget-divider--element-align-left .elementor-divider .elementor-divider-separator>.elementor-divider__svg:first-of-type{flex-grow:0;flex-shrink:100}.elementor-widget-divider--element-align-left .elementor-divider-separator:before{content:none}.elementor-widget-divider--element-align-left .elementor-divider__element{margin-left:0}.elementor-widget-divider--element-align-right .elementor-divider .elementor-divider-separator>.elementor-divider__svg:last-of-type{flex-grow:0;flex-shrink:100}.elementor-widget-divider--element-align-right .elementor-divider-separator:after{content:none}.elementor-widget-divider--element-align-right .elementor-divider__element{margin-right:0}.elementor-widget-divider:not(.elementor-widget-divider--view-line_text):not(.elementor-widget-divider--view-line_icon) .elementor-divider-separator{border-top:var(--divider-border-width) var(--divider-border-style) var(--divider-color)}.elementor-widget-divider--separator-type-pattern{--divider-border-style:none}.elementor-widget-divider--separator-type-pattern.elementor-widget-divider--view-line .elementor-divider-separator,.elementor-widget-divider--separator-type-pattern:not(.elementor-widget-divider--view-line) .elementor-divider-separator:after,.elementor-widget-divider--separator-type-pattern:not(.elementor-widget-divider--view-line) .elementor-divider-separator:before,.elementor-widget-divider--separator-type-pattern:not([class*=elementor-widget-divider--view]) .elementor-divider-separator{width:100%;min-height:var(--divider-pattern-height);-webkit-mask-size:var(--divider-pattern-size) 100%;mask-size:var(--divider-pattern-size) 100%;-webkit-mask-repeat:var(--divider-pattern-repeat);mask-repeat:var(--divider-pattern-repeat);background-color:var(--divider-color);-webkit-mask-image:var(--divider-pattern-url);mask-image:var(--divider-pattern-url)}.elementor-widget-divider--no-spacing{--divider-pattern-size:auto}.elementor-widget-divider--bg-round{--divider-pattern-repeat:round}.rtl .elementor-widget-divider .elementor-divider__text{direction:rtl}.e-con-inner>.elementor-widget-divider,.e-con>.elementor-widget-divider{width:var(--container-widget-width,100%);--flex-grow:var(--container-widget-flex-grow)}<\/style>\t\t<div class=\"elementor-divider\">\n\t\t\t<span class=\"elementor-divider-separator\">\n\t\t\t\t\t\t<\/span>\n\t\t<\/div>\n\t\t\t\t<\/div>\n\t\t\t\t<\/div>\n\t\t\t\t<div class=\"elementor-element elementor-element-415ff602 elementor-widget elementor-widget-heading\" data-id=\"415ff602\" data-element_type=\"widget\" data-widget_type=\"heading.default\">\n\t\t\t\t<div class=\"elementor-widget-container\">\n\t\t\t<h2 class=\"elementor-heading-title elementor-size-default\"><a href=\"https:\/\/microcreds.ca\/fr\/about-micro-credentials\/\">\u00c0 propos des micro-informations d&#039;identification<\/a><\/h2>\t\t<\/div>\n\t\t\t\t<\/div>\n\t\t\t\t<div class=\"elementor-element elementor-element-158dace0 elementor-widget elementor-widget-heading\" data-id=\"158dace0\" data-element_type=\"widget\" data-widget_type=\"heading.default\">\n\t\t\t\t<div class=\"elementor-widget-container\">\n\t\t\t<h2 class=\"elementor-heading-title elementor-size-default\"><a href=\"https:\/\/microcreds.ca\/fr\/national-framework\/\">Cadre national pour les micro-dipl\u00f4mes<\/a><\/h2>\t\t<\/div>\n\t\t\t\t<\/div>\n\t\t\t\t<div class=\"elementor-element elementor-element-597ea177 elementor-widget elementor-widget-heading\" data-id=\"597ea177\" data-element_type=\"widget\" data-widget_type=\"heading.default\">\n\t\t\t\t<div class=\"elementor-widget-container\">\n\t\t\t<h2 class=\"elementor-heading-title elementor-size-default\"><a href=\"https:\/\/microcreds.ca\/fr\/the-benefits-of-micro-credentials-for-individuals-facing-financial-barriers\/\">Les avantages des micro-certificats pour les personnes confront\u00e9es \u00e0 des obstacles financiers<\/a><\/h2>\t\t<\/div>\n\t\t\t\t<\/div>\n\t\t\t\t<div class=\"elementor-element elementor-element-d900767 elementor-widget elementor-widget-heading\" data-id=\"d900767\" data-element_type=\"widget\" data-widget_type=\"heading.default\">\n\t\t\t\t<div class=\"elementor-widget-container\">\n\t\t\t<h2 class=\"elementor-heading-title elementor-size-default\"><a href=\"https:\/\/microcreds.ca\/fr\/nondiscrimination-policy\/\">Politique de non-discrimination<\/a><\/h2>\t\t<\/div>\n\t\t\t\t<\/div>\n\t\t\t\t<div class=\"elementor-element elementor-element-697d461d elementor-widget elementor-widget-heading\" data-id=\"697d461d\" data-element_type=\"widget\" data-widget_type=\"heading.default\">\n\t\t\t\t<div class=\"elementor-widget-container\">\n\t\t\t<h2 class=\"elementor-heading-title elementor-size-default\">Membres<\/h2>\t\t<\/div>\n\t\t\t\t<\/div>\n\t\t\t\t<div class=\"elementor-element elementor-element-2bc8bdb1 elementor-widget-divider--view-line elementor-widget elementor-widget-divider\" data-id=\"2bc8bdb1\" data-element_type=\"widget\" data-widget_type=\"divider.default\">\n\t\t\t\t<div class=\"elementor-widget-container\">\n\t\t\t\t\t<div class=\"elementor-divider\">\n\t\t\t<span class=\"elementor-divider-separator\">\n\t\t\t\t\t\t<\/span>\n\t\t<\/div>\n\t\t\t\t<\/div>\n\t\t\t\t<\/div>\n\t\t\t\t<div class=\"elementor-element elementor-element-928e17f elementor-widget elementor-widget-heading\" data-id=\"928e17f\" data-element_type=\"widget\" data-widget_type=\"heading.default\">\n\t\t\t\t<div class=\"elementor-widget-container\">\n\t\t\t<h2 class=\"elementor-heading-title elementor-size-default\"><a href=\"https:\/\/microcreds.ca\/fr\/member-services\/\">Services aux membres<\/a><\/h2>\t\t<\/div>\n\t\t\t\t<\/div>\n\t\t\t\t\t<\/div>\n\t\t<\/div>\n\t\t\t\t\t\t\t<\/div>\n\t\t<\/section>\n\t\t\t\t\t\t<\/div>\n\t\t\t\t<\/div>\n\t\t\t\t<\/div>\n\t\t\t\t<\/div>\n\t\t\t\t\t<\/div>\n\t\t<\/div>\n\t\t\t\t<div class=\"elementor-column elementor-col-66 elementor-top-column elementor-element elementor-element-9cc1805\" data-id=\"9cc1805\" data-element_type=\"column\">\n\t\t\t<div class=\"elementor-widget-wrap elementor-element-populated\">\n\t\t\t\t\t\t\t\t<div class=\"elementor-element elementor-element-55e973a elementor-widget elementor-widget-image\" data-id=\"55e973a\" data-element_type=\"widget\" data-widget_type=\"image.default\">\n\t\t\t\t<div class=\"elementor-widget-container\">\n\t\t\t<style>\/*! elementor - v3.14.0 - 26-06-2023 *\/\n.elementor-widget-image{text-align:center}.elementor-widget-image a{display:inline-block}.elementor-widget-image a img[src$=\".svg\"]{width:48px}.elementor-widget-image img{vertical-align:middle;display:inline-block}<\/style>\t\t\t\t\t\t\t\t\t\t\t\t<img decoding=\"async\" width=\"800\" height=\"534\" src=\"https:\/\/microcreds.ca\/wp-content\/uploads\/2023\/07\/philippe-bout-93W0xn4961g-unsplash-1024x683.jpg\" class=\"attachment-large size-large wp-image-357\" alt=\"\" loading=\"lazy\" srcset=\"https:\/\/microcreds.ca\/wp-content\/uploads\/2023\/07\/philippe-bout-93W0xn4961g-unsplash-1024x683.jpg 1024w, https:\/\/microcreds.ca\/wp-content\/uploads\/2023\/07\/philippe-bout-93W0xn4961g-unsplash-300x200.jpg 300w, https:\/\/microcreds.ca\/wp-content\/uploads\/2023\/07\/philippe-bout-93W0xn4961g-unsplash-768x512.jpg 768w, https:\/\/microcreds.ca\/wp-content\/uploads\/2023\/07\/philippe-bout-93W0xn4961g-unsplash-1536x1024.jpg 1536w, https:\/\/microcreds.ca\/wp-content\/uploads\/2023\/07\/philippe-bout-93W0xn4961g-unsplash-2048x1365.jpg 2048w\" sizes=\"(max-width: 800px) 100vw, 800px\" title=\"\">\t\t\t\t\t\t\t\t\t\t\t\t\t\t\t<\/div>\n\t\t\t\t<\/div>\n\t\t\t\t<div class=\"elementor-element elementor-element-685f8a3 elementor-widget elementor-widget-heading\" data-id=\"685f8a3\" data-element_type=\"widget\" data-widget_type=\"heading.default\">\n\t\t\t\t<div class=\"elementor-widget-container\">\n\t\t\t<h2 class=\"elementor-heading-title elementor-size-default\">Services aux membres<\/h2>\t\t<\/div>\n\t\t\t\t<\/div>\n\t\t\t\t<div class=\"elementor-element elementor-element-143b25e elementor-widget elementor-widget-text-editor\" data-id=\"143b25e\" data-element_type=\"widget\" data-widget_type=\"text-editor.default\">\n\t\t\t\t<div class=\"elementor-widget-container\">\n\t\t\t\t\t\t\t<p><span style=\"font-weight: 400;\">Nous fournissons des services de v\u00e9rification \u00e0 nos membres et fournissons des conseils de professionnels qualifi\u00e9s (examens sommaires) des cours avant la publication.\u00a0<\/span><\/p><ul><li style=\"font-weight: 400;\" aria-level=\"1\"><span style=\"font-weight: 400;\"><strong>Services de v\u00e9rification<\/strong>: Les employeurs peuvent v\u00e9rifier la qualit\u00e9 et la pertinence des microcr\u00e9dits offerts par nos membres.\u00a0<\/span><\/li><li style=\"font-weight: 400;\" aria-level=\"1\"><span style=\"font-weight: 400;\"><strong>Des services de consultation<\/strong>: Sur une base de r\u00e9mun\u00e9ration \u00e0 l&#039;acte, nos membres fournissent des services de conseil sur une vari\u00e9t\u00e9 de sujets, tels que la conception de cours, l&#039;\u00e9valuation, les examens superficiels des cours avant la publication, les tendances de l&#039;industrie, l&#039;analyse de march\u00e9 et le marketing.<\/span><\/li><\/ul><p>\u00a0<\/p><p><span style=\"font-weight: 400;\">Voici quelques avantages sp\u00e9cifiques que les membres peuvent obtenir de vos services\u00a0:<\/span><\/p><ul><li><span style=\"font-weight: 400;\"><strong>Confiance accrue dans la qualit\u00e9 de leurs micro-certificats<\/strong>: En faisant v\u00e9rifier leurs micro-informations d&#039;identification par notre organisation, les membres peuvent \u00eatre s\u00fbrs que leurs micro-informations d&#039;identification r\u00e9pondent aux normes de qualit\u00e9 les plus \u00e9lev\u00e9es.<\/span><\/li><li><span style=\"font-weight: 400;\"><strong>Am\u00e9lioration de la conception et de l&#039;\u00e9valuation des cours<\/strong>: En consultant notre organisation, les membres peuvent obtenir des conseils d&#039;experts sur la fa\u00e7on de concevoir et d&#039;\u00e9valuer efficacement leurs cours.<\/span><\/li><li><span style=\"font-weight: 400;\"><strong>Visibilit\u00e9 et marketing accrus<\/strong>\u00a0: En demandant \u00e0 notre organisation d&#039;examiner les cours avant et apr\u00e8s la publication, les membres peuvent obtenir des commentaires sur la fa\u00e7on de rendre leurs cours plus commercialisables aupr\u00e8s des apprenants et des employeurs et de les promouvoir en utilisant notre sceau d&#039;approbation.\u00a0<\/span><\/li><\/ul>\t\t\t\t\t\t<\/div>\n\t\t\t\t<\/div>\n\t\t\t\t<div class=\"elementor-element elementor-element-ac84e2c elementor-widget elementor-widget-heading\" data-id=\"ac84e2c\" data-element_type=\"widget\" data-widget_type=\"heading.default\">\n\t\t\t\t<div class=\"elementor-widget-container\">\n\t\t\t<h2 class=\"elementor-heading-title elementor-size-default\">Coll\u00e8ges et instituts membres<\/h2>\t\t<\/div>\n\t\t\t\t<\/div>\n\t\t\t\t<div class=\"elementor-element elementor-element-ae5487f elementor-widget elementor-widget-text-editor\" data-id=\"ae5487f\" data-element_type=\"widget\" data-widget_type=\"text-editor.default\">\n\t\t\t\t<div class=\"elementor-widget-container\">\n\t\t\t\t\t\t\t<p>Coll\u00e8ge de la vall\u00e9e de la Bow<br \/>Coll\u00e8ge Keyano<br \/>Coll\u00e8ge Lakeland<br \/>Coll\u00e8ge Medicine Hat<br \/>Coll\u00e8ge NorQuest<br \/>Institut de technologie du nord de l&#039;Alberta (NAIT)<br \/>Coll\u00e8ge Olds<br \/>Coll\u00e8ge Portage<br \/>SAIT<\/p>\t\t\t\t\t\t<\/div>\n\t\t\t\t<\/div>\n\t\t\t\t\t<\/div>\n\t\t<\/div>\n\t\t\t\t\t\t\t<\/div>\n\t\t<\/section>\n\t\t\t\t\t\t\t<\/div>","protected":false},"excerpt":{"rendered":"<p>Services aux membres Collaborer pour renforcer les programmes de micro-certifications et \u00e9largir les opportunit\u00e9s pour les institutions membres au Canada Services pour les membres Nous fournissons des services de v\u00e9rification \u00e0 nos membres et fournissons des conseils de professionnels qualifi\u00e9s (examens rapides) des cours avant publication. Services de v\u00e9rification\u00a0: les employeurs peuvent v\u00e9rifier la qualit\u00e9 et la pertinence des microcertificats propos\u00e9s par nos membres. Des services de consultation: [\u2026]<\/p>","protected":false},"author":5,"featured_media":0,"parent":0,"menu_order":0,"comment_status":"closed","ping_status":"closed","template":"","meta":[],"_links":{"self":[{"href":"https:\/\/microcreds.ca\/fr\/wp-json\/wp\/v2\/pages\/663"}],"collection":[{"href":"https:\/\/microcreds.ca\/fr\/wp-json\/wp\/v2\/pages"}],"about":[{"href":"https:\/\/microcreds.ca\/fr\/wp-json\/wp\/v2\/types\/page"}],"author":[{"embeddable":true,"href":"https:\/\/microcreds.ca\/fr\/wp-json\/wp\/v2\/users\/5"}],"replies":[{"embeddable":true,"href":"https:\/\/microcreds.ca\/fr\/wp-json\/wp\/v2\/comments?post=663"}],"version-history":[{"count":11,"href":"https:\/\/microcreds.ca\/fr\/wp-json\/wp\/v2\/pages\/663\/revisions"}],"predecessor-version":[{"id":1017,"href":"https:\/\/microcreds.ca\/fr\/wp-json\/wp\/v2\/pages\/663\/revisions\/1017"}],"wp:attachment":[{"href":"https:\/\/microcreds.ca\/fr\/wp-json\/wp\/v2\/media?parent=663"}],"curies":[{"name":"wp","href":"https:\/\/api.w.org\/{rel}","templated":true}]}}